{"id":2440,"date":"2024-07-01T08:52:31","date_gmt":"2024-07-01T08:52:31","guid":{"rendered":"https:\/\/b-orange.pt\/web\/peakshop\/?page_id=2440"},"modified":"2025-06-02T14:39:35","modified_gmt":"2025-06-02T14:39:35","slug":"servicos","status":"publish","type":"page","link":"https:\/\/b-orange.pt\/web\/peakshop\/servicos\/","title":{"rendered":"Servi\u00e7os"},"content":{"rendered":"\t\t<div data-elementor-type=\"wp-page\" data-elementor-id=\"2440\" class=\"elementor elementor-2440\" data-elementor-post-type=\"page\">\n\t\t\t\t\t\t<section class=\"elementor-section elementor-top-section elementor-element elementor-element-944389d scheme_default elementor-section-boxed elementor-section-height-default elementor-section-height-default sc_fly_static\" data-id=\"944389d\" data-element_type=\"section\" data-settings=\"{&quot;background_background&quot;:&quot;classic&quot;}\">\n\t\t\t\t\t\t<div class=\"elementor-container elementor-column-gap-extended\">\n\t\t\t\t\t<div class=\"elementor-column elementor-col-100 elementor-top-column elementor-element elementor-element-9eda807 sc_content_align_inherit sc_layouts_column_icons_position_left sc_fly_static\" data-id=\"9eda807\" data-element_type=\"column\">\n\t\t\t<div class=\"elementor-widget-wrap elementor-element-populated\">\n\t\t\t\t\t\t<div class=\"elementor-element elementor-element-801f2da sc_height_huge sc_fly_static elementor-widget elementor-widget-spacer\" data-id=\"801f2da\" data-element_type=\"widget\" data-widget_type=\"spacer.default\">\n\t\t\t\t<div class=\"elementor-widget-container\">\n\t\t\t\t\t\t\t<div class=\"elementor-spacer\">\n\t\t\t<div class=\"elementor-spacer-inner\"><\/div>\n\t\t<\/div>\n\t\t\t\t\t\t<\/div>\n\t\t\t\t<\/div>\n\t\t\t\t<div data-animation-type=\"block\" class=\"elementor-element elementor-element-014d0a8 animation_type_block sc_fly_static elementor-invisible elementor-widget elementor-widget-trx_sc_title\" data-id=\"014d0a8\" data-element_type=\"widget\" data-settings=\"{&quot;_animation&quot;:&quot;carz-fadeinup&quot;}\" data-widget_type=\"trx_sc_title.default\">\n\t\t\t\t<div class=\"elementor-widget-container\">\n\t\t\t\t\t<div\t\tclass=\"sc_title sc_title_default\" ><h1 class=\"sc_item_title sc_title_title sc_align_center sc_item_title_style_default sc_item_title_tag\"\n\t\t\t><span class=\"sc_item_title_text\">Servi\u00e7os<\/span><\/h1><div class=\"sc_item_descr sc_title_descr sc_align_center\"><p>Desde a sele\u00e7\u00e3o criteriosa de ve\u00edculos usados multimarca at\u00e9 aos servi\u00e7os t\u00e9cnicos especializados, passando pelo apoio administrativo completo, garantimos que cada cliente recebe n\u00e3o apenas um autom\u00f3vel, mas uma experi\u00eancia de compra excecional.<\/p>\n<p>A nossa miss\u00e3o \u00e9 simples: proporcionar qualidade em movimento e confian\u00e7a garantida em cada servi\u00e7o que prestamos.<\/p>\n<\/div><\/div>\t\t\t\t<\/div>\n\t\t\t\t<\/div>\n\t\t\t\t<div class=\"elementor-element elementor-element-499cd51 sc_height_small sc_fly_static elementor-widget elementor-widget-spacer\" data-id=\"499cd51\" data-element_type=\"widget\" data-widget_type=\"spacer.default\">\n\t\t\t\t<div class=\"elementor-widget-container\">\n\t\t\t\t\t\t\t<div class=\"elementor-spacer\">\n\t\t\t<div class=\"elementor-spacer-inner\"><\/div>\n\t\t<\/div>\n\t\t\t\t\t\t<\/div>\n\t\t\t\t<\/div>\n\t\t\t\t<div data-animation-type=\"sequental\" data-animation-stagger=\"\" class=\"elementor-element elementor-element-2ad5030 animation_type_sequental sc_fly_static elementor-invisible elementor-widget elementor-widget-trx_sc_services\" data-id=\"2ad5030\" data-element_type=\"widget\" data-settings=\"{&quot;_animation&quot;:&quot;carz-fadeinup&quot;,&quot;_animation_delay&quot;:100}\" data-widget_type=\"trx_sc_services.default\">\n\t\t\t\t<div class=\"elementor-widget-container\">\n\t\t\t\t\t<div class=\"sc_services sc_services_qw-panel sc_services_featured_top sc_services_popup sc_post_details_popup\"><div class=\"sc_services_columns_wrap sc_item_columns sc_item_posts_container sc_item_columns_4 trx_addons_columns_wrap columns_padding_bottom columns_in_single_row\"><div class=\"trx_addons_column-1_4\"><div data-post-id=\"6514\" class=\"sc_services_item sc_item_container post_container without_content sc_services_item_featured_none post-6514 cpt_services type-cpt_services status-publish has-post-thumbnail hentry cpt_services_group-servicos-peak-drive-auto\" data-post_id=\"6514\" data-post_type=\"cpt_services\" data-item-number=\"1\"\n>\n\t<div class=\"sc_services_item_content\">\n        <div class=\"sc_services_item_content_inner\">            <div class=\"sc_services_item_content_inner_bottom\">\n                                <div class=\"sc_services_item_header\">\n                                        <h4 class=\"sc_services_item_title entry-title\"><a href=\"https:\/\/b-orange.pt\/web\/peakshop\/services\/servicos-tecnicos\/\">Servi\u00e7os T\u00e9cnicos<\/a><\/h4>\n                                    <\/div>\n                                <div class=\"sc_services_item_button\">\n                    <a href=\"https:\/\/b-orange.pt\/web\/peakshop\/services\/servicos-tecnicos\/\" class=\"sc_services_item_more_link\">\n                        <span class=\"link_icon\"><\/span>\n                    <\/a>\n                    <\/div>            <\/div>\n        <\/div><a class=\"sc_services_item_link\" href=\"https:\/\/b-orange.pt\/web\/peakshop\/services\/servicos-tecnicos\/\"><\/a>    <\/div>\n<\/div>\n<\/div><div class=\"trx_addons_column-1_4\"><div data-post-id=\"6505\" class=\"sc_services_item sc_item_container post_container without_content sc_services_item_featured_none post-6505 cpt_services type-cpt_services status-publish has-post-thumbnail hentry cpt_services_group-servicos-peak-drive-auto\" data-post_id=\"6505\" data-post_type=\"cpt_services\" data-item-number=\"2\"\n>\n\t<div class=\"sc_services_item_content\">\n        <div class=\"sc_services_item_content_inner\">            <div class=\"sc_services_item_content_inner_bottom\">\n                                <div class=\"sc_services_item_header\">\n                                        <h4 class=\"sc_services_item_title entry-title\"><a href=\"https:\/\/b-orange.pt\/web\/peakshop\/services\/venda-de-veiculos-usados-multimarca\/\">Venda de Ve\u00edculos Usados Multimarca<\/a><\/h4>\n                                    <\/div>\n                                <div class=\"sc_services_item_button\">\n                    <a href=\"https:\/\/b-orange.pt\/web\/peakshop\/services\/venda-de-veiculos-usados-multimarca\/\" class=\"sc_services_item_more_link\">\n                        <span class=\"link_icon\"><\/span>\n                    <\/a>\n                    <\/div>            <\/div>\n        <\/div><a class=\"sc_services_item_link\" href=\"https:\/\/b-orange.pt\/web\/peakshop\/services\/venda-de-veiculos-usados-multimarca\/\"><\/a>    <\/div>\n<\/div>\n<\/div><div class=\"trx_addons_column-1_4\"><div data-post-id=\"4705\" class=\"sc_services_item sc_item_container post_container without_content sc_services_item_featured_none post-4705 cpt_services type-cpt_services status-publish has-post-thumbnail hentry cpt_services_group-servicos-peak-drive-auto\" data-post_id=\"4705\" data-post_type=\"cpt_services\" data-item-number=\"3\"\n>\n\t<div class=\"sc_services_item_content\">\n        <div class=\"sc_services_item_content_inner\">            <div class=\"sc_services_item_content_inner_bottom\">\n                                <div class=\"sc_services_item_header\">\n                                        <h4 class=\"sc_services_item_title entry-title\"><a href=\"https:\/\/b-orange.pt\/web\/peakshop\/services\/servicos-administrativos\/\">Servi\u00e7os Administrativos<\/a><\/h4>\n                                    <\/div>\n                                <div class=\"sc_services_item_button\">\n                    <a href=\"https:\/\/b-orange.pt\/web\/peakshop\/services\/servicos-administrativos\/\" class=\"sc_services_item_more_link\">\n                        <span class=\"link_icon\"><\/span>\n                    <\/a>\n                    <\/div>            <\/div>\n        <\/div><a class=\"sc_services_item_link\" href=\"https:\/\/b-orange.pt\/web\/peakshop\/services\/servicos-administrativos\/\"><\/a>    <\/div>\n<\/div>\n<\/div><div class=\"trx_addons_column-1_4\"><div data-post-id=\"4704\" class=\"sc_services_item sc_item_container post_container without_content sc_services_item_featured_none post-4704 cpt_services type-cpt_services status-publish has-post-thumbnail hentry cpt_services_group-servicos-peak-drive-auto\" data-post_id=\"4704\" data-post_type=\"cpt_services\" data-item-number=\"4\"\n>\n\t<div class=\"sc_services_item_content\">\n        <div class=\"sc_services_item_content_inner\">            <div class=\"sc_services_item_content_inner_bottom\">\n                                <div class=\"sc_services_item_header\">\n                                        <h4 class=\"sc_services_item_title entry-title\"><a href=\"https:\/\/b-orange.pt\/web\/peakshop\/services\/servicos-de-preparacao\/\">Servi\u00e7os de Prepara\u00e7\u00e3o<\/a><\/h4>\n                                    <\/div>\n                                <div class=\"sc_services_item_button\">\n                    <a href=\"https:\/\/b-orange.pt\/web\/peakshop\/services\/servicos-de-preparacao\/\" class=\"sc_services_item_more_link\">\n                        <span class=\"link_icon\"><\/span>\n                    <\/a>\n                    <\/div>            <\/div>\n        <\/div><a class=\"sc_services_item_link\" href=\"https:\/\/b-orange.pt\/web\/peakshop\/services\/servicos-de-preparacao\/\"><\/a>    <\/div>\n<\/div>\n<\/div><div class=\"sc_services_qw_panel_thumbs\"><div class=\"sc_qw_panel_thumb with_image trx_addons_inline_450318753 sc_qw_panel_thumb_active\" data-thumb-number=\"1\"><\/div><div class=\"sc_qw_panel_thumb with_image trx_addons_inline_693801657\" data-thumb-number=\"2\"><\/div><div class=\"sc_qw_panel_thumb with_image trx_addons_inline_1397542228\" data-thumb-number=\"3\"><\/div><div class=\"sc_qw_panel_thumb with_image trx_addons_inline_1089304849\" data-thumb-number=\"4\"><\/div><\/div><\/div><\/div>\t\t\t\t<\/div>\n\t\t\t\t<\/div>\n\t\t\t\t<div class=\"elementor-element elementor-element-ff975c3 sc_height_huge sc_fly_static elementor-widget elementor-widget-spacer\" data-id=\"ff975c3\" data-element_type=\"widget\" data-widget_type=\"spacer.default\">\n\t\t\t\t<div class=\"elementor-widget-container\">\n\t\t\t\t\t\t\t<div class=\"elementor-spacer\">\n\t\t\t<div class=\"elementor-spacer-inner\"><\/div>\n\t\t<\/div>\n\t\t\t\t\t\t<\/div>\n\t\t\t\t<\/div>\n\t\t\t\t\t<\/div>\n\t\t<\/div>\n\t\t\t\t\t<\/div>\n\t\t<\/section>\n\t\t\t\t<section class=\"elementor-section elementor-top-section elementor-element elementor-element-1561f465 scheme_dark elementor-section-boxed elementor-section-height-default elementor-section-height-default sc_fly_static\" data-id=\"1561f465\" data-element_type=\"section\" data-settings=\"{&quot;background_background&quot;:&quot;video&quot;,&quot;background_video_link&quot;:&quot;https:\\\/\\\/vimeo.com\\\/164797772&quot;}\">\n\t\t\t\t\t\t\t\t<div class=\"elementor-background-video-container elementor-hidden-mobile\">\n\t\t\t\t\t\t\t\t\t\t\t\t\t<div class=\"elementor-background-video-embed\"><\/div>\n\t\t\t\t\t\t\t\t\t\t\t\t<\/div>\n\t\t\t\t\t\t\t\t\t<div class=\"elementor-background-overlay\"><\/div>\n\t\t\t\t\t\t\t<div class=\"elementor-container elementor-column-gap-default\">\n\t\t\t\t\t<div class=\"elementor-column elementor-col-100 elementor-top-column elementor-element elementor-element-7e9c5672 sc_layouts_column_align_center sc_layouts_column sc-mobile_layouts_column_align_center sc_layouts_column sc_content_align_inherit sc_layouts_column_icons_position_left sc_fly_static\" data-id=\"7e9c5672\" data-element_type=\"column\">\n\t\t\t<div class=\"elementor-widget-wrap elementor-element-populated\">\n\t\t\t\t\t\t<div class=\"elementor-element elementor-element-9d2f8de sc_fly_static elementor-widget elementor-widget-spacer\" data-id=\"9d2f8de\" data-element_type=\"widget\" data-widget_type=\"spacer.default\">\n\t\t\t\t<div class=\"elementor-widget-container\">\n\t\t\t\t\t\t\t<div class=\"elementor-spacer\">\n\t\t\t<div class=\"elementor-spacer-inner\"><\/div>\n\t\t<\/div>\n\t\t\t\t\t\t<\/div>\n\t\t\t\t<\/div>\n\t\t\t\t<div class=\"elementor-element elementor-element-5f9753bb sc_fly_static elementor-widget elementor-widget-spacer\" data-id=\"5f9753bb\" data-element_type=\"widget\" data-widget_type=\"spacer.default\">\n\t\t\t\t<div class=\"elementor-widget-container\">\n\t\t\t\t\t\t\t<div class=\"elementor-spacer\">\n\t\t\t<div class=\"elementor-spacer-inner\"><\/div>\n\t\t<\/div>\n\t\t\t\t\t\t<\/div>\n\t\t\t\t<\/div>\n\t\t\t\t\t<\/div>\n\t\t<\/div>\n\t\t\t\t\t<\/div>\n\t\t<\/section>\n\t\t\t\t<section class=\"elementor-section elementor-top-section elementor-element elementor-element-3d3d5d3 elementor-section-boxed elementor-section-height-default elementor-section-height-default sc_fly_static\" data-id=\"3d3d5d3\" data-element_type=\"section\">\n\t\t\t\t\t\t<div class=\"elementor-container elementor-column-gap-extended\">\n\t\t\t\t\t<div class=\"elementor-column elementor-col-100 elementor-top-column elementor-element elementor-element-8816788 sc_content_align_inherit sc_layouts_column_icons_position_left sc_fly_static\" data-id=\"8816788\" data-element_type=\"column\">\n\t\t\t<div class=\"elementor-widget-wrap elementor-element-populated\">\n\t\t\t\t\t\t<div class=\"elementor-element elementor-element-af70b73 sc_height_huge sc_fly_static elementor-widget elementor-widget-spacer\" data-id=\"af70b73\" data-element_type=\"widget\" data-widget_type=\"spacer.default\">\n\t\t\t\t<div class=\"elementor-widget-container\">\n\t\t\t\t\t\t\t<div class=\"elementor-spacer\">\n\t\t\t<div class=\"elementor-spacer-inner\"><\/div>\n\t\t<\/div>\n\t\t\t\t\t\t<\/div>\n\t\t\t\t<\/div>\n\t\t\t\t\t<\/div>\n\t\t<\/div>\n\t\t\t\t\t<\/div>\n\t\t<\/section>\n\t\t\t\t<\/div>\n\t\t","protected":false},"excerpt":{"rendered":"<p>Servi\u00e7os Desde a sele\u00e7\u00e3o criteriosa de ve\u00edculos usados multimarca at\u00e9 aos servi\u00e7os t\u00e9cnicos especializados, passando pelo apoio administrativo completo, garantimos que cada cliente recebe n\u00e3o apenas um autom\u00f3vel, mas uma&hellip;<\/p>\n","protected":false},"author":1,"featured_media":0,"parent":0,"menu_order":0,"comment_status":"closed","ping_status":"closed","template":"","meta":{"footnotes":""},"class_list":["post-2440","page","type-page","status-publish","hentry"],"_links":{"self":[{"href":"https:\/\/b-orange.pt\/web\/peakshop\/wp-json\/wp\/v2\/pages\/2440","targetHints":{"allow":["GET"]}}],"collection":[{"href":"https:\/\/b-orange.pt\/web\/peakshop\/wp-json\/wp\/v2\/pages"}],"about":[{"href":"https:\/\/b-orange.pt\/web\/peakshop\/wp-json\/wp\/v2\/types\/page"}],"author":[{"embeddable":true,"href":"https:\/\/b-orange.pt\/web\/peakshop\/wp-json\/wp\/v2\/users\/1"}],"replies":[{"embeddable":true,"href":"https:\/\/b-orange.pt\/web\/peakshop\/wp-json\/wp\/v2\/comments?post=2440"}],"version-history":[{"count":43,"href":"https:\/\/b-orange.pt\/web\/peakshop\/wp-json\/wp\/v2\/pages\/2440\/revisions"}],"predecessor-version":[{"id":6632,"href":"https:\/\/b-orange.pt\/web\/peakshop\/wp-json\/wp\/v2\/pages\/2440\/revisions\/6632"}],"wp:attachment":[{"href":"https:\/\/b-orange.pt\/web\/peakshop\/wp-json\/wp\/v2\/media?parent=2440"}],"curies":[{"name":"wp","href":"https:\/\/api.w.org\/{rel}","templated":true}]}}