{"id":2127,"date":"2024-06-29T11:44:31","date_gmt":"2024-06-29T11:44:31","guid":{"rendered":"https:\/\/b-orange.pt\/web\/peakshop\/?page_id=2127"},"modified":"2025-06-02T14:40:32","modified_gmt":"2025-06-02T14:40:32","slug":"peak-drive-auto-concessionario-multimarcas","status":"publish","type":"page","link":"https:\/\/b-orange.pt\/web\/peakshop\/peak-drive-auto-concessionario-multimarcas\/","title":{"rendered":"Peak Drive Auto &#8211; Concession\u00e1rio Multimarcas"},"content":{"rendered":"\t\t<div data-elementor-type=\"wp-page\" data-elementor-id=\"2127\" class=\"elementor elementor-2127\" data-elementor-post-type=\"page\">\n\t\t\t\t\t\t<section class=\"elementor-section elementor-top-section elementor-element elementor-element-c338576 elementor-section-boxed elementor-section-height-default elementor-section-height-default sc_fly_static\" data-id=\"c338576\" data-element_type=\"section\">\n\t\t\t\t\t\t<div class=\"elementor-container elementor-column-gap-extended\">\n\t\t\t\t\t<div class=\"elementor-column elementor-col-100 elementor-top-column elementor-element elementor-element-36afc20 sc_content_align_inherit sc_layouts_column_icons_position_left sc_fly_static\" data-id=\"36afc20\" data-element_type=\"column\">\n\t\t\t<div class=\"elementor-widget-wrap elementor-element-populated\">\n\t\t\t\t\t\t<div class=\"elementor-element elementor-element-9f36944 sc_height_huge sc_fly_static elementor-widget elementor-widget-spacer\" data-id=\"9f36944\" data-element_type=\"widget\" data-widget_type=\"spacer.default\">\n\t\t\t\t<div class=\"elementor-widget-container\">\n\t\t\t\t\t\t\t<div class=\"elementor-spacer\">\n\t\t\t<div class=\"elementor-spacer-inner\"><\/div>\n\t\t<\/div>\n\t\t\t\t\t\t<\/div>\n\t\t\t\t<\/div>\n\t\t\t\t\t<\/div>\n\t\t<\/div>\n\t\t\t\t\t<\/div>\n\t\t<\/section>\n\t\t\t\t<section class=\"elementor-section elementor-top-section elementor-element elementor-element-8ff17be elementor-section-full_width elementor-section-content-middle elementor-section-height-default elementor-section-height-default sc_fly_static\" data-id=\"8ff17be\" data-element_type=\"section\">\n\t\t\t\t\t\t<div class=\"elementor-container elementor-column-gap-extended\">\n\t\t\t\t\t<div class=\"elementor-column elementor-col-50 elementor-top-column elementor-element elementor-element-602a6bd8 sc_content_align_inherit sc_layouts_column_icons_position_left sc_fly_static\" data-id=\"602a6bd8\" data-element_type=\"column\">\n\t\t\t<div class=\"elementor-widget-wrap elementor-element-populated\">\n\t\t\t\t\t\t<div data-animation-type=\"block\" class=\"elementor-element elementor-element-f0f29aa elementor-widget__width-initial animation_type_block sc_fly_static elementor-invisible elementor-widget elementor-widget-trx_sc_title\" data-id=\"f0f29aa\" data-element_type=\"widget\" data-settings=\"{&quot;_animation&quot;:&quot;carz-fadein&quot;,&quot;_animation_delay&quot;:100}\" data-widget_type=\"trx_sc_title.default\">\n\t\t\t\t<div class=\"elementor-widget-container\">\n\t\t\t\t\t<div\t\tclass=\"sc_title color_style_link2 sc_title_default\" ><span class=\"sc_item_subtitle sc_title_subtitle sc_item_subtitle_above sc_item_title_style_default\">A sua pr\u00f3xima viatura est\u00e1 aqui<\/span><h1 class=\"sc_item_title sc_title_title sc_item_title_style_default sc_item_title_tag\"\n\t\t\t><span class=\"sc_item_title_text\">Concession\u00e1rio Multimarca - Peak Drive Auto<\/span><\/h1><div class=\"sc_item_descr sc_title_descr\"><p>A PeakDrive Auto especializa-se na venda de autom\u00f3veis usados de todas as marcas, criteriosamente selecionados e inspecionados pela nossa equipa t\u00e9cnica experiente. <\/p>\n<p> Com duas localiza\u00e7\u00f5es estrat\u00e9gicas em Vila Nova de Gaia e Maia, cada ve\u00edculo passa por uma rigorosa verifica\u00e7\u00e3o na nossa oficina antes de ser disponibilizado, garantindo qualidade, seguran\u00e7a e tranquilidade na sua compra. <\/p>\n<p> Com stock diversificado e condi\u00e7\u00f5es de financiamento flex\u00edveis, encontrar\u00e1 sempre a solu\u00e7\u00e3o ideal para as suas necessidades de mobilidade.<\/p>\n<\/div><div\tclass=\"sc_item_button sc_button_wrap sc_item_button sc_item_button_default sc_item_button_size_normal sc_title_button\"><a href=\"https:\/\/b-orange.pt\/web\/peakshop\/our-services\/\" class=\"sc_button sc_button_default sc_button_size_normal sc_button_icon_left\"><span class=\"sc_button_text\"><span class=\"sc_button_title\">Viaturas<\/span><\/span><\/a><\/div><\/div>\t\t\t\t<\/div>\n\t\t\t\t<\/div>\n\t\t\t\t\t<\/div>\n\t\t<\/div>\n\t\t\t\t<div class=\"elementor-column elementor-col-50 elementor-top-column elementor-element elementor-element-1837dee4 sc_content_align_inherit sc_layouts_column_icons_position_left sc_fly_static\" data-id=\"1837dee4\" data-element_type=\"column\">\n\t\t\t<div class=\"elementor-widget-wrap elementor-element-populated\">\n\t\t\t\t\t\t<div data-animation-type=\"block\" class=\"elementor-element elementor-element-32e0783 animation_type_block sc_fly_static elementor-invisible elementor-widget elementor-widget-image\" data-id=\"32e0783\" data-element_type=\"widget\" data-settings=\"{&quot;_animation&quot;:&quot;carz-fadein&quot;}\" data-widget_type=\"image.default\">\n\t\t\t\t<div class=\"elementor-widget-container\">\n\t\t\t\t\t\t\t\t\t\t\t\t\t\t\t<img fetchpriority=\"high\" decoding=\"async\" width=\"1709\" height=\"2560\" src=\"https:\/\/b-orange.pt\/web\/peakshop\/wp-content\/uploads\/2025\/06\/adult-man-and-female-car-dealer-arm-wrestling-in-s-2024-11-07-15-08-52-utc-scaled.jpg\" class=\"attachment-full size-full wp-image-6539\" alt=\"\" srcset=\"https:\/\/b-orange.pt\/web\/peakshop\/wp-content\/uploads\/2025\/06\/adult-man-and-female-car-dealer-arm-wrestling-in-s-2024-11-07-15-08-52-utc-scaled.jpg 1709w, https:\/\/b-orange.pt\/web\/peakshop\/wp-content\/uploads\/2025\/06\/adult-man-and-female-car-dealer-arm-wrestling-in-s-2024-11-07-15-08-52-utc-200x300.jpg 200w, https:\/\/b-orange.pt\/web\/peakshop\/wp-content\/uploads\/2025\/06\/adult-man-and-female-car-dealer-arm-wrestling-in-s-2024-11-07-15-08-52-utc-683x1024.jpg 683w, https:\/\/b-orange.pt\/web\/peakshop\/wp-content\/uploads\/2025\/06\/adult-man-and-female-car-dealer-arm-wrestling-in-s-2024-11-07-15-08-52-utc-768x1151.jpg 768w, https:\/\/b-orange.pt\/web\/peakshop\/wp-content\/uploads\/2025\/06\/adult-man-and-female-car-dealer-arm-wrestling-in-s-2024-11-07-15-08-52-utc-1025x1536.jpg 1025w, https:\/\/b-orange.pt\/web\/peakshop\/wp-content\/uploads\/2025\/06\/adult-man-and-female-car-dealer-arm-wrestling-in-s-2024-11-07-15-08-52-utc-1367x2048.jpg 1367w, https:\/\/b-orange.pt\/web\/peakshop\/wp-content\/uploads\/2025\/06\/adult-man-and-female-car-dealer-arm-wrestling-in-s-2024-11-07-15-08-52-utc-370x554.jpg 370w, https:\/\/b-orange.pt\/web\/peakshop\/wp-content\/uploads\/2025\/06\/adult-man-and-female-car-dealer-arm-wrestling-in-s-2024-11-07-15-08-52-utc-840x1259.jpg 840w, https:\/\/b-orange.pt\/web\/peakshop\/wp-content\/uploads\/2025\/06\/adult-man-and-female-car-dealer-arm-wrestling-in-s-2024-11-07-15-08-52-utc-410x614.jpg 410w, https:\/\/b-orange.pt\/web\/peakshop\/wp-content\/uploads\/2025\/06\/adult-man-and-female-car-dealer-arm-wrestling-in-s-2024-11-07-15-08-52-utc-730x1094.jpg 730w\" sizes=\"(max-width: 1709px) 100vw, 1709px\" \/>\t\t\t\t\t\t\t\t\t\t\t\t\t\t\t<\/div>\n\t\t\t\t<\/div>\n\t\t\t\t<div data-animation-type=\"block\" class=\"elementor-element elementor-element-189d92e0 elementor-absolute animation_type_block sc_fly_static elementor-invisible elementor-widget elementor-widget-image\" data-id=\"189d92e0\" data-element_type=\"widget\" data-settings=\"{&quot;_position&quot;:&quot;absolute&quot;,&quot;_animation&quot;:&quot;carz-fadein&quot;}\" data-widget_type=\"image.default\">\n\t\t\t\t<div class=\"elementor-widget-container\">\n\t\t\t\t\t\t\t\t\t\t\t\t\t\t\t<img decoding=\"async\" width=\"600\" height=\"804\" src=\"https:\/\/b-orange.pt\/web\/peakshop\/wp-content\/uploads\/2024\/06\/img-2.jpg\" class=\"attachment-full size-full wp-image-2139\" alt=\"\" srcset=\"https:\/\/b-orange.pt\/web\/peakshop\/wp-content\/uploads\/2024\/06\/img-2.jpg 600w, https:\/\/b-orange.pt\/web\/peakshop\/wp-content\/uploads\/2024\/06\/img-2-224x300.jpg 224w, https:\/\/b-orange.pt\/web\/peakshop\/wp-content\/uploads\/2024\/06\/img-2-370x496.jpg 370w, https:\/\/b-orange.pt\/web\/peakshop\/wp-content\/uploads\/2024\/06\/img-2-410x549.jpg 410w\" sizes=\"(max-width: 600px) 100vw, 600px\" \/>\t\t\t\t\t\t\t\t\t\t\t\t\t\t\t<\/div>\n\t\t\t\t<\/div>\n\t\t\t\t\t<\/div>\n\t\t<\/div>\n\t\t\t\t\t<\/div>\n\t\t<\/section>\n\t\t\t\t<section class=\"elementor-section elementor-top-section elementor-element elementor-element-25c7eb5 scheme_dark elementor-section-boxed elementor-section-height-default elementor-section-height-default sc_fly_static\" data-id=\"25c7eb5\" data-element_type=\"section\" data-settings=\"{&quot;background_background&quot;:&quot;video&quot;,&quot;background_video_link&quot;:&quot;https:\\\/\\\/vimeo.com\\\/164797772&quot;}\">\n\t\t\t\t\t\t\t\t<div class=\"elementor-background-video-container elementor-hidden-mobile\">\n\t\t\t\t\t\t\t\t\t\t\t\t\t<div class=\"elementor-background-video-embed\"><\/div>\n\t\t\t\t\t\t\t\t\t\t\t\t<\/div>\n\t\t\t\t\t\t\t\t\t<div class=\"elementor-background-overlay\"><\/div>\n\t\t\t\t\t\t\t<div class=\"elementor-container elementor-column-gap-default\">\n\t\t\t\t\t<div class=\"elementor-column elementor-col-100 elementor-top-column elementor-element elementor-element-832ab44 sc_layouts_column_align_center sc_layouts_column sc-mobile_layouts_column_align_center sc_layouts_column sc_content_align_inherit sc_layouts_column_icons_position_left sc_fly_static\" data-id=\"832ab44\" data-element_type=\"column\">\n\t\t\t<div class=\"elementor-widget-wrap elementor-element-populated\">\n\t\t\t\t\t\t<div class=\"elementor-element elementor-element-18c21d7 sc_fly_static elementor-widget elementor-widget-spacer\" data-id=\"18c21d7\" data-element_type=\"widget\" data-widget_type=\"spacer.default\">\n\t\t\t\t<div class=\"elementor-widget-container\">\n\t\t\t\t\t\t\t<div class=\"elementor-spacer\">\n\t\t\t<div class=\"elementor-spacer-inner\"><\/div>\n\t\t<\/div>\n\t\t\t\t\t\t<\/div>\n\t\t\t\t<\/div>\n\t\t\t\t<div class=\"elementor-element elementor-element-576a119 sc_fly_static elementor-widget elementor-widget-spacer\" data-id=\"576a119\" data-element_type=\"widget\" data-widget_type=\"spacer.default\">\n\t\t\t\t<div class=\"elementor-widget-container\">\n\t\t\t\t\t\t\t<div class=\"elementor-spacer\">\n\t\t\t<div class=\"elementor-spacer-inner\"><\/div>\n\t\t<\/div>\n\t\t\t\t\t\t<\/div>\n\t\t\t\t<\/div>\n\t\t\t\t\t<\/div>\n\t\t<\/div>\n\t\t\t\t\t<\/div>\n\t\t<\/section>\n\t\t\t\t<section class=\"elementor-section elementor-top-section elementor-element elementor-element-db69f8f elementor-section-boxed elementor-section-height-default elementor-section-height-default sc_fly_static\" data-id=\"db69f8f\" data-element_type=\"section\">\n\t\t\t\t\t\t<div class=\"elementor-container elementor-column-gap-extended\">\n\t\t\t\t\t<div class=\"elementor-column elementor-col-100 elementor-top-column elementor-element elementor-element-7945c1f sc_content_align_inherit sc_layouts_column_icons_position_left sc_fly_static\" data-id=\"7945c1f\" data-element_type=\"column\">\n\t\t\t<div class=\"elementor-widget-wrap elementor-element-populated\">\n\t\t\t\t\t\t<div class=\"elementor-element elementor-element-1e9f936 sc_height_small sc_fly_static elementor-widget elementor-widget-spacer\" data-id=\"1e9f936\" data-element_type=\"widget\" data-widget_type=\"spacer.default\">\n\t\t\t\t<div class=\"elementor-widget-container\">\n\t\t\t\t\t\t\t<div class=\"elementor-spacer\">\n\t\t\t<div class=\"elementor-spacer-inner\"><\/div>\n\t\t<\/div>\n\t\t\t\t\t\t<\/div>\n\t\t\t\t<\/div>\n\t\t\t\t\t<\/div>\n\t\t<\/div>\n\t\t\t\t\t<\/div>\n\t\t<\/section>\n\t\t\t\t<section class=\"elementor-section elementor-top-section elementor-element elementor-element-fd16301 elementor-section-boxed elementor-section-height-default elementor-section-height-default sc_fly_static\" data-id=\"fd16301\" data-element_type=\"section\">\n\t\t\t\t\t\t<div class=\"elementor-container elementor-column-gap-extended\">\n\t\t\t\t\t<div class=\"elementor-column elementor-col-100 elementor-top-column elementor-element elementor-element-e8c1abc sc_content_align_inherit sc_layouts_column_icons_position_left sc_fly_static\" data-id=\"e8c1abc\" data-element_type=\"column\">\n\t\t\t<div class=\"elementor-widget-wrap elementor-element-populated\">\n\t\t\t\t\t\t<div class=\"elementor-element elementor-element-f1cb528 sc_height_huge sc_fly_static elementor-widget elementor-widget-spacer\" data-id=\"f1cb528\" data-element_type=\"widget\" data-widget_type=\"spacer.default\">\n\t\t\t\t<div class=\"elementor-widget-container\">\n\t\t\t\t\t\t\t<div class=\"elementor-spacer\">\n\t\t\t<div class=\"elementor-spacer-inner\"><\/div>\n\t\t<\/div>\n\t\t\t\t\t\t<\/div>\n\t\t\t\t<\/div>\n\t\t\t\t\t<\/div>\n\t\t<\/div>\n\t\t\t\t\t<\/div>\n\t\t<\/section>\n\t\t\t\t<section class=\"elementor-section elementor-top-section elementor-element elementor-element-74da652b elementor-section-content-middle elementor-section-boxed elementor-section-height-default elementor-section-height-default sc_fly_static\" data-id=\"74da652b\" data-element_type=\"section\">\n\t\t\t\t\t\t<div class=\"elementor-container elementor-column-gap-extended\">\n\t\t\t\t\t<div class=\"elementor-column elementor-col-50 elementor-top-column elementor-element elementor-element-3628fc98 sc_content_align_inherit sc_layouts_column_icons_position_left sc_fly_static\" data-id=\"3628fc98\" data-element_type=\"column\">\n\t\t\t<div class=\"elementor-widget-wrap elementor-element-populated\">\n\t\t\t\t\t\t<section class=\"elementor-section elementor-inner-section elementor-element elementor-element-7167086d elementor-section-content-bottom elementor-section-boxed elementor-section-height-default elementor-section-height-default sc_fly_static\" data-id=\"7167086d\" data-element_type=\"section\">\n\t\t\t\t\t\t<div class=\"elementor-container elementor-column-gap-no\">\n\t\t\t\t\t<div class=\"elementor-column elementor-col-100 elementor-inner-column elementor-element elementor-element-7879f374 sc_content_align_inherit sc_layouts_column_icons_position_left sc_fly_static\" data-id=\"7879f374\" data-element_type=\"column\">\n\t\t\t<div class=\"elementor-widget-wrap elementor-element-populated\">\n\t\t\t\t\t\t<div data-animation-type=\"block\" class=\"elementor-element elementor-element-43d99c2 no-title animation_type_block sc_fly_static elementor-invisible elementor-widget elementor-widget-image\" data-id=\"43d99c2\" data-element_type=\"widget\" data-settings=\"{&quot;_animation&quot;:&quot;carz-fadein&quot;}\" data-widget_type=\"image.default\">\n\t\t\t\t<div class=\"elementor-widget-container\">\n\t\t\t\t\t\t\t\t\t\t\t\t\t\t\t<img decoding=\"async\" width=\"1600\" height=\"2154\" src=\"https:\/\/b-orange.pt\/web\/peakshop\/wp-content\/uploads\/2024\/07\/image-16.jpg\" class=\"attachment-full size-full wp-image-2915\" alt=\"\" srcset=\"https:\/\/b-orange.pt\/web\/peakshop\/wp-content\/uploads\/2024\/07\/image-16.jpg 1600w, https:\/\/b-orange.pt\/web\/peakshop\/wp-content\/uploads\/2024\/07\/image-16-730x983.jpg 730w, https:\/\/b-orange.pt\/web\/peakshop\/wp-content\/uploads\/2024\/07\/image-16-223x300.jpg 223w, https:\/\/b-orange.pt\/web\/peakshop\/wp-content\/uploads\/2024\/07\/image-16-761x1024.jpg 761w, https:\/\/b-orange.pt\/web\/peakshop\/wp-content\/uploads\/2024\/07\/image-16-768x1034.jpg 768w, https:\/\/b-orange.pt\/web\/peakshop\/wp-content\/uploads\/2024\/07\/image-16-1141x1536.jpg 1141w, https:\/\/b-orange.pt\/web\/peakshop\/wp-content\/uploads\/2024\/07\/image-16-1521x2048.jpg 1521w, https:\/\/b-orange.pt\/web\/peakshop\/wp-content\/uploads\/2024\/07\/image-16-370x498.jpg 370w, https:\/\/b-orange.pt\/web\/peakshop\/wp-content\/uploads\/2024\/07\/image-16-840x1131.jpg 840w, https:\/\/b-orange.pt\/web\/peakshop\/wp-content\/uploads\/2024\/07\/image-16-410x552.jpg 410w\" sizes=\"(max-width: 1600px) 100vw, 1600px\" \/>\t\t\t\t\t\t\t\t\t\t\t\t\t\t\t<\/div>\n\t\t\t\t<\/div>\n\t\t\t\t<div data-animation-type=\"block\" class=\"elementor-element elementor-element-2f1ef12 scheme_dark elementor-widget__width-initial elementor-absolute animation_type_block sc_fly_static elementor-invisible elementor-widget elementor-widget-heading\" data-id=\"2f1ef12\" data-element_type=\"widget\" data-settings=\"{&quot;_position&quot;:&quot;absolute&quot;,&quot;_animation&quot;:&quot;carz-fadein&quot;}\" data-widget_type=\"heading.default\">\n\t\t\t\t<div class=\"elementor-widget-container\">\n\t\t\t\t\t<h3 class=\"elementor-heading-title elementor-size-default\">Encontre o ve\u00edculo, que realmente o apaixona<\/h3>\t\t\t\t<\/div>\n\t\t\t\t<\/div>\n\t\t\t\t\t<\/div>\n\t\t<\/div>\n\t\t\t\t\t<\/div>\n\t\t<\/section>\n\t\t\t\t\t<\/div>\n\t\t<\/div>\n\t\t\t\t<div class=\"elementor-column elementor-col-50 elementor-top-column elementor-element elementor-element-583e9ed1 sc_content_align_inherit sc_layouts_column_icons_position_left sc_fly_static\" data-id=\"583e9ed1\" data-element_type=\"column\">\n\t\t\t<div class=\"elementor-widget-wrap elementor-element-populated\">\n\t\t\t\t\t\t<div data-animation-type=\"block\" class=\"elementor-element elementor-element-1ec62b85 animation_type_block sc_fly_static elementor-invisible elementor-widget elementor-widget-trx_sc_title\" data-id=\"1ec62b85\" data-element_type=\"widget\" data-settings=\"{&quot;_animation&quot;:&quot;carz-fadeinup&quot;}\" data-widget_type=\"trx_sc_title.default\">\n\t\t\t\t<div class=\"elementor-widget-container\">\n\t\t\t\t\t<div\t\tclass=\"sc_title sc_title_default\" ><h1 class=\"sc_item_title sc_title_title sc_item_title_style_default sc_item_title_tag\"\n\t\t\t><span class=\"sc_item_title_text\">Expertise que garante confian\u00e7a<\/span><\/h1><div class=\"sc_item_descr sc_title_descr\"><p>A PeakDrive Auto aproveita anos de experi\u00eancia consolidada como oficina multimarca para oferecer servi\u00e7os t\u00e9cnicos de excel\u00eancia. Presentes em Vila Nova de Gaia e Maia, desde inspe\u00e7\u00f5es pr\u00e9-venda detalhadas at\u00e9 manuten\u00e7\u00e3o p\u00f3s-compra, a nossa equipa especializada assegura que cada ve\u00edculo mant\u00e9m os mais altos padr\u00f5es de qualidade e seguran\u00e7a. <\/p>\n<p>Dispomos de centro de colis\u00e3o, servi\u00e7os de pneus, alinhamento e recondicionamento completo, proporcionando um servi\u00e7o integral sob o mesmo teto.<\/p>\n<\/div><\/div>\t\t\t\t<\/div>\n\t\t\t\t<\/div>\n\t\t\t\t<div class=\"elementor-element elementor-element-7facc592 sc_fly_static elementor-widget elementor-widget-spacer\" data-id=\"7facc592\" data-element_type=\"widget\" data-widget_type=\"spacer.default\">\n\t\t\t\t<div class=\"elementor-widget-container\">\n\t\t\t\t\t\t\t<div class=\"elementor-spacer\">\n\t\t\t<div class=\"elementor-spacer-inner\"><\/div>\n\t\t<\/div>\n\t\t\t\t\t\t<\/div>\n\t\t\t\t<\/div>\n\t\t\t\t<div data-animation-type=\"block\" class=\"elementor-element elementor-element-23e5d465 elementor-widget-divider--view-line animation_type_block sc_fly_static elementor-invisible elementor-widget elementor-widget-divider\" data-id=\"23e5d465\" data-element_type=\"widget\" data-settings=\"{&quot;_animation&quot;:&quot;carz-fadeinup&quot;,&quot;_animation_delay&quot;:200}\" data-widget_type=\"divider.default\">\n\t\t\t\t<div class=\"elementor-widget-container\">\n\t\t\t\t\t\t\t<div class=\"elementor-divider\">\n\t\t\t<span class=\"elementor-divider-separator\">\n\t\t\t\t\t\t<\/span>\n\t\t<\/div>\n\t\t\t\t\t\t<\/div>\n\t\t\t\t<\/div>\n\t\t\t\t<div class=\"elementor-element elementor-element-4a9c92fc sc_height_small sc_fly_static elementor-widget elementor-widget-spacer\" data-id=\"4a9c92fc\" data-element_type=\"widget\" data-widget_type=\"spacer.default\">\n\t\t\t\t<div class=\"elementor-widget-container\">\n\t\t\t\t\t\t\t<div class=\"elementor-spacer\">\n\t\t\t<div class=\"elementor-spacer-inner\"><\/div>\n\t\t<\/div>\n\t\t\t\t\t\t<\/div>\n\t\t\t\t<\/div>\n\t\t\t\t<div data-animation-type=\"block\" class=\"elementor-element elementor-element-31d5de99 scheme_dark animation_type_block sc_fly_static elementor-invisible elementor-widget elementor-widget-trx_sc_button\" data-id=\"31d5de99\" data-element_type=\"widget\" data-settings=\"{&quot;_animation&quot;:&quot;carz-fadeinup&quot;,&quot;_animation_delay&quot;:400}\" data-widget_type=\"trx_sc_button.default\">\n\t\t\t\t<div class=\"elementor-widget-container\">\n\t\t\t\t\t<div\tclass=\"sc_item_button sc_button_wrap\" ><a href=\"#\" class=\"sc_button sc_button_default sc_button_size_normal sc_button_icon_left\" ><span class=\"sc_button_text\"><span class=\"sc_button_title\">Servi\u00e7os<\/span><\/span><\/a><\/div>\t\t\t\t<\/div>\n\t\t\t\t<\/div>\n\t\t\t\t\t<\/div>\n\t\t<\/div>\n\t\t\t\t\t<\/div>\n\t\t<\/section>\n\t\t\t\t<section class=\"elementor-section elementor-top-section elementor-element elementor-element-9bdae45 elementor-section-boxed elementor-section-height-default elementor-section-height-default sc_fly_static\" data-id=\"9bdae45\" data-element_type=\"section\">\n\t\t\t\t\t\t<div class=\"elementor-container elementor-column-gap-extended\">\n\t\t\t\t\t<div class=\"elementor-column elementor-col-100 elementor-top-column elementor-element elementor-element-02b5fd0 sc_content_align_inherit sc_layouts_column_icons_position_left sc_fly_static\" data-id=\"02b5fd0\" data-element_type=\"column\">\n\t\t\t<div class=\"elementor-widget-wrap elementor-element-populated\">\n\t\t\t\t\t\t<div class=\"elementor-element elementor-element-45cb94f sc_height_huge sc_fly_static elementor-widget elementor-widget-spacer\" data-id=\"45cb94f\" data-element_type=\"widget\" data-widget_type=\"spacer.default\">\n\t\t\t\t<div class=\"elementor-widget-container\">\n\t\t\t\t\t\t\t<div class=\"elementor-spacer\">\n\t\t\t<div class=\"elementor-spacer-inner\"><\/div>\n\t\t<\/div>\n\t\t\t\t\t\t<\/div>\n\t\t\t\t<\/div>\n\t\t\t\t\t<\/div>\n\t\t<\/div>\n\t\t\t\t\t<\/div>\n\t\t<\/section>\n\t\t\t\t<\/div>\n\t\t","protected":false},"excerpt":{"rendered":"<p>A sua pr\u00f3xima viatura est\u00e1 aqui Concession\u00e1rio Multimarca &#8211; Peak Drive Auto A PeakDrive Auto especializa-se na venda de autom\u00f3veis usados de todas as marcas, criteriosamente selecionados e inspecionados pela&hellip;<\/p>\n","protected":false},"author":1,"featured_media":0,"parent":0,"menu_order":0,"comment_status":"closed","ping_status":"closed","template":"","meta":{"footnotes":""},"class_list":["post-2127","page","type-page","status-publish","hentry"],"_links":{"self":[{"href":"https:\/\/b-orange.pt\/web\/peakshop\/wp-json\/wp\/v2\/pages\/2127","targetHints":{"allow":["GET"]}}],"collection":[{"href":"https:\/\/b-orange.pt\/web\/peakshop\/wp-json\/wp\/v2\/pages"}],"about":[{"href":"https:\/\/b-orange.pt\/web\/peakshop\/wp-json\/wp\/v2\/types\/page"}],"author":[{"embeddable":true,"href":"https:\/\/b-orange.pt\/web\/peakshop\/wp-json\/wp\/v2\/users\/1"}],"replies":[{"embeddable":true,"href":"https:\/\/b-orange.pt\/web\/peakshop\/wp-json\/wp\/v2\/comments?post=2127"}],"version-history":[{"count":22,"href":"https:\/\/b-orange.pt\/web\/peakshop\/wp-json\/wp\/v2\/pages\/2127\/revisions"}],"predecessor-version":[{"id":6595,"href":"https:\/\/b-orange.pt\/web\/peakshop\/wp-json\/wp\/v2\/pages\/2127\/revisions\/6595"}],"wp:attachment":[{"href":"https:\/\/b-orange.pt\/web\/peakshop\/wp-json\/wp\/v2\/media?parent=2127"}],"curies":[{"name":"wp","href":"https:\/\/api.w.org\/{rel}","templated":true}]}}